{"id":24,"date":"2024-02-16T10:12:32","date_gmt":"2024-02-16T10:12:32","guid":{"rendered":"https:\/\/fixturbowp.wowtheme7.com\/?page_id=24"},"modified":"2024-08-09T08:56:20","modified_gmt":"2024-08-09T08:56:20","slug":"contact","status":"publish","type":"page","link":"https:\/\/carstudio.ee\/et\/contact\/","title":{"rendered":"Kontaktid"},"content":{"rendered":"<div data-elementor-type=\"wp-page\" data-elementor-id=\"24\" class=\"elementor elementor-24\">\n\t\t\t\t<div class=\"elementor-element elementor-element-b3b15c4 e-flex e-con-boxed e-con e-parent\" data-id=\"b3b15c4\" data-element_type=\"container\" data-e-type=\"container\">\n\t\t\t\t\t<div class=\"e-con-inner\">\n\t\t<div class=\"elementor-element elementor-element-e9cb44e e-con-full e-flex e-con e-child\" data-id=\"e9cb44e\" data-element_type=\"container\" data-e-type=\"container\">\n\t\t\t\t<div class=\"elementor-element elementor-element-f7ae929 elementor-widget elementor-widget-fixturbo-contact-widget\" data-id=\"f7ae929\" data-element_type=\"widget\" data-e-type=\"widget\" data-widget_type=\"fixturbo-contact-widget.default\">\n\t\t\t\t<div class=\"elementor-widget-container\">\n\t\t\t\t\t\n        <div class=\"contact-info\">\n            <div class=\"contact-info_icon\">\n                <svg aria-hidden=\"true\" class=\"e-font-icon-svg e-fas-map-marker-alt\" viewbox=\"0 0 384 512\" xmlns=\"http:\/\/www.w3.org\/2000\/svg\"><path d=\"M172.268 501.67C26.97 291.031 0 269.413 0 192 0 85.961 85.961 0 192 0s192 85.961 192 192c0 77.413-26.97 99.031-172.268 309.67-9.535 13.774-29.93 13.773-39.464 0zM192 272c44.183 0 80-35.817 80-80s-35.817-80-80-80-80 35.817-80 80 35.817 80 80 80z\"><\/path><\/svg>            <\/div>\n            <h6 class=\"contact-info_title\">Aadress<\/h6>\n            <p class=\"contact-info_text\">Narva<\/p>\n            <p class=\"contact-info_text\">Soldina 5<\/p>\n        <\/div>\n        \n        \t\t\t\t<\/div>\n\t\t\t\t<\/div>\n\t\t\t\t<\/div>\n\t\t<div class=\"elementor-element elementor-element-cc6e412 e-con-full e-flex e-con e-child\" data-id=\"cc6e412\" data-element_type=\"container\" data-e-type=\"container\">\n\t\t\t\t<div class=\"elementor-element elementor-element-dbc8e47 elementor-widget elementor-widget-fixturbo-contact-widget\" data-id=\"dbc8e47\" data-element_type=\"widget\" data-e-type=\"widget\" data-widget_type=\"fixturbo-contact-widget.default\">\n\t\t\t\t<div class=\"elementor-widget-container\">\n\t\t\t\t\t\n        <div class=\"contact-info\">\n            <div class=\"contact-info_icon\">\n                <svg aria-hidden=\"true\" class=\"e-font-icon-svg e-fas-phone-alt\" viewbox=\"0 0 512 512\" xmlns=\"http:\/\/www.w3.org\/2000\/svg\"><path d=\"M497.39 361.8l-112-48a24 24 0 0 0-28 6.9l-49.6 60.6A370.66 370.66 0 0 1 130.6 204.11l60.6-49.6a23.94 23.94 0 0 0 6.9-28l-48-112A24.16 24.16 0 0 0 122.6.61l-104 24A24 24 0 0 0 0 48c0 256.5 207.9 464 464 464a24 24 0 0 0 23.4-18.6l24-104a24.29 24.29 0 0 0-14.01-27.6z\"><\/path><\/svg>            <\/div>\n            <h6 class=\"contact-info_title\">Telefon<\/h6>\n            <p class=\"contact-info_text\"><a href=\"tel:+3725036110\">+372 503 6110<\/a>\n<\/p>\n            <p class=\"contact-info_text\">Vene<\/p>\n        <\/div>\n        \n        \t\t\t\t<\/div>\n\t\t\t\t<\/div>\n\t\t\t\t<\/div>\n\t\t<div class=\"elementor-element elementor-element-76e31ea e-con-full e-flex e-con e-child\" data-id=\"76e31ea\" data-element_type=\"container\" data-e-type=\"container\">\n\t\t\t\t<div class=\"elementor-element elementor-element-5858d0f elementor-widget elementor-widget-fixturbo-contact-widget\" data-id=\"5858d0f\" data-element_type=\"widget\" data-e-type=\"widget\" data-widget_type=\"fixturbo-contact-widget.default\">\n\t\t\t\t<div class=\"elementor-widget-container\">\n\t\t\t\t\t\n        <div class=\"contact-info\">\n            <div class=\"contact-info_icon\">\n                <svg aria-hidden=\"true\" class=\"e-font-icon-svg e-fas-phone-alt\" viewbox=\"0 0 512 512\" xmlns=\"http:\/\/www.w3.org\/2000\/svg\"><path d=\"M497.39 361.8l-112-48a24 24 0 0 0-28 6.9l-49.6 60.6A370.66 370.66 0 0 1 130.6 204.11l60.6-49.6a23.94 23.94 0 0 0 6.9-28l-48-112A24.16 24.16 0 0 0 122.6.61l-104 24A24 24 0 0 0 0 48c0 256.5 207.9 464 464 464a24 24 0 0 0 23.4-18.6l24-104a24.29 24.29 0 0 0-14.01-27.6z\"><\/path><\/svg>            <\/div>\n            <h6 class=\"contact-info_title\">Telefon<\/h6>\n            <p class=\"contact-info_text\"><a href=\"tel:+3725132312\">+372 513 2312 <\/a><\/p>\n            <p class=\"contact-info_text\">Vene<\/p>\n        <\/div>\n        \n        \t\t\t\t<\/div>\n\t\t\t\t<\/div>\n\t\t\t\t<\/div>\n\t\t<div class=\"elementor-element elementor-element-8a70286 e-con-full e-flex e-con e-child\" data-id=\"8a70286\" data-element_type=\"container\" data-e-type=\"container\">\n\t\t\t\t<div class=\"elementor-element elementor-element-5121dbe elementor-widget elementor-widget-fixturbo-contact-widget\" data-id=\"5121dbe\" data-element_type=\"widget\" data-e-type=\"widget\" data-widget_type=\"fixturbo-contact-widget.default\">\n\t\t\t\t<div class=\"elementor-widget-container\">\n\t\t\t\t\t\n        <div class=\"contact-info\">\n            <div class=\"contact-info_icon\">\n                <svg aria-hidden=\"true\" class=\"e-font-icon-svg e-fas-phone-alt\" viewbox=\"0 0 512 512\" xmlns=\"http:\/\/www.w3.org\/2000\/svg\"><path d=\"M497.39 361.8l-112-48a24 24 0 0 0-28 6.9l-49.6 60.6A370.66 370.66 0 0 1 130.6 204.11l60.6-49.6a23.94 23.94 0 0 0 6.9-28l-48-112A24.16 24.16 0 0 0 122.6.61l-104 24A24 24 0 0 0 0 48c0 256.5 207.9 464 464 464a24 24 0 0 0 23.4-18.6l24-104a24.29 24.29 0 0 0-14.01-27.6z\"><\/path><\/svg>            <\/div>\n            <h6 class=\"contact-info_title\">Telefon<\/h6>\n            <p class=\"contact-info_text\"><a href=\"tel:+37255558860\">+372 5555 8860<\/a>\n\n<\/p>\n            <p class=\"contact-info_text\">Eesti<\/p>\n        <\/div>\n        \n        \t\t\t\t<\/div>\n\t\t\t\t<\/div>\n\t\t\t\t<\/div>\n\t\t\t\t\t<\/div>\n\t\t\t\t<\/div>\n\t\t<div class=\"elementor-element elementor-element-f26a5e8 e-flex e-con-boxed e-con e-parent\" data-id=\"f26a5e8\" data-element_type=\"container\" data-e-type=\"container\">\n\t\t\t\t\t<div class=\"e-con-inner\">\n\t\t\t\t<div class=\"elementor-element elementor-element-59244cc elementor-widget elementor-widget-google_maps\" data-id=\"59244cc\" data-element_type=\"widget\" data-e-type=\"widget\" data-widget_type=\"google_maps.default\">\n\t\t\t\t<div class=\"elementor-widget-container\">\n\t\t\t\t\t\t\t<div class=\"elementor-custom-embed\">\n\t\t\t<iframe loading=\"lazy\"\n\t\t\t\t\tsrc=\"https:\/\/maps.google.com\/maps?q=narva%2C%20soldina%205&#038;t=m&#038;z=13&#038;output=embed&#038;iwloc=near\"\n\t\t\t\t\ttitle=\"narva, soldina 5\"\n\t\t\t\t\taria-label=\"narva, soldina 5\"\n\t\t\t><\/iframe>\n\t\t<\/div>\n\t\t\t\t\t\t<\/div>\n\t\t\t\t<\/div>\n\t\t\t\t\t<\/div>\n\t\t\t\t<\/div>\n\t\t<div class=\"elementor-element elementor-element-0a8baaa e-flex e-con-boxed e-con e-parent\" data-id=\"0a8baaa\" data-element_type=\"container\" data-e-type=\"container\">\n\t\t\t\t\t<div class=\"e-con-inner\">\n\t\t<div class=\"elementor-element elementor-element-2d7cb22 e-con-full e-flex e-con e-child\" data-id=\"2d7cb22\" data-element_type=\"container\" data-e-type=\"container\">\n\t\t\t\t<div class=\"elementor-element elementor-element-ab36bf7 elementor-widget elementor-widget-shortcode\" data-id=\"ab36bf7\" data-element_type=\"widget\" data-e-type=\"widget\" data-widget_type=\"shortcode.default\">\n\t\t\t\t<div class=\"elementor-widget-container\">\n\t\t\t\t\t\t\t<div class=\"elementor-shortcode\">\n<div class=\"wpcf7 no-js\" id=\"wpcf7-f1600-o1\" lang=\"en-US\" dir=\"ltr\" data-wpcf7-id=\"1600\">\n<div class=\"screen-reader-response\"><p role=\"status\" aria-live=\"polite\" aria-atomic=\"true\"><\/p> <ul><\/ul><\/div>\n<form action=\"\/et\/wp-json\/wp\/v2\/pages\/24#wpcf7-f1600-o1\" method=\"post\" class=\"wpcf7-form init\" aria-label=\"Contact form\" novalidate=\"novalidate\" data-status=\"init\" data-trp-original-action=\"\/et\/wp-json\/wp\/v2\/pages\/24#wpcf7-f1600-o1\">\n<fieldset class=\"hidden-fields-container\"><input type=\"hidden\" name=\"_wpcf7\" value=\"1600\" \/><input type=\"hidden\" name=\"_wpcf7_version\" value=\"6.1.5\" \/><input type=\"hidden\" name=\"_wpcf7_locale\" value=\"en_US\" \/><input type=\"hidden\" name=\"_wpcf7_unit_tag\" value=\"wpcf7-f1600-o1\" \/><input type=\"hidden\" name=\"_wpcf7_container_post\" value=\"0\" \/><input type=\"hidden\" name=\"_wpcf7_posted_data_hash\" value=\"\" \/>\n<\/fieldset>\n<div class=\"contact-form-wrap p-0\">\n    <div class=\"title-area\">\n        <span class=\"sub-title\">Kontaktivorm\n        <\/span>\n        <h2 class=\"sec-title\">Autoremont Parimad teenused<\/h2>\n    <\/div>\n    <div class=\"appointment-form ajax-contact\">\n        <div class=\"row\">\n            <div class=\"col-md-6\">\n                <div class=\"form-group\">\n                    <input type=\"text\" class=\"form-control\" name=\"name\" id=\"name\" placeholder=\"Teie nimi\">\n                <\/div>\n            <\/div>\n            <div class=\"col-md-6\">\n                <div class=\"form-group\">\n                    <input type=\"text\" class=\"form-control\" name=\"email\" id=\"email\" placeholder=\"Email aadress\">\n                <\/div>\n            <\/div>\n            <div class=\"col-md-6\">\n                <div class=\"form-group\">\n                    <input type=\"text\" class=\"form-control\" name=\"number\" id=\"number\" placeholder=\"Telefon\">\n                <\/div>\n            <\/div>\n            <div class=\"col-md-6\">\n                <div class=\"form-group\">\n<span class=\"wpcf7-form-control-wrap\" data-name=\"menu-405\"><select class=\"wpcf7-form-control wpcf7-select wpcf7-validates-as-required\" aria-required=\"true\" aria-invalid=\"false\" name=\"menu-405\"><option value=\"\">&#8212;Please choose an option&#8212;<\/option><option value=\"\u041a\u0443\u0437\u043e\u0432\u043d\u043e\u0439 \u0440\u0435\u043c\u043e\u043d\u0442\">Keret\u00f6\u00f6d<\/option><option value=\"\u041f\u043e\u043a\u0440\u0430\u0441\u043a\u0430 \u0430\u0432\u0442\u043e\u043c\u043e\u0431\u0438\u043b\u044f\">V\u00e4rvit\u00f6\u00f6d<\/option><option value=\"\u0420\u0430\u0431\u043e\u0442\u0430 \u0441\u043e \u0441\u0442\u0440\u0430\u0445\u043e\u0432\u044b\u043c\u0438\">Koost\u00f6\u00f6 kindlustusandjatega<\/option><option value=\"\u041f\u043e\u043c\u043e\u0449\u044c \u0432 \u043e\u0444\u043e\u0440\u043c\u043b\u0435\u043d\u0438\u0438 \u0441\u0442\u0440\u0430\u0445\u043e\u0432\u043e\u043a\">Kindlustusjuhtumi vormistamine<\/option><option value=\"\u042d\u0432\u0430\u043a\u0443\u0430\u0442\u043e\u0440\">Puksiiriabi<\/option><option value=\"\u0412\u044b\u0442\u044f\u0436\u043a\u0430 \u0440\u0430\u043c\">Raami sirgendamine<\/option><option value=\"\u0422\u043e\u0447\u0435\u0447\u043d\u0430\u044f \u0441\u0432\u0430\u0440\u043a\u0430\">Punktkeevitus<\/option><option value=\"\u0416\u0435\u0441\u0442\u044f\u043d\u044b\u0435 \u0440\u0430\u0431\u043e\u0442\u044b\">Plekit\u00f6\u00f6d<\/option><option value=\"\u0417\u0430\u043c\u0435\u043d\u0430 \u0441\u0442\u0435\u043a\u043e\u043b\">Klaasivahetus<\/option><option value=\"\u0420\u0435\u043c\u043e\u043d\u0442 \u043f\u043e\u0434\u0432\u0435\u0441\u043a\u0438\">Veermiku remont<\/option><\/select><\/span>\n                <\/div>\n            <\/div>\n        <\/div>\n        <div class=\"form-group col-12\">\n             <span class=\"wpcf7-form-control-wrap\" data-name=\"textarea-770\"><textarea cols=\"40\" rows=\"10\" maxlength=\"2000\" class=\"wpcf7-form-control wpcf7-textarea\" aria-invalid=\"false\" placeholder=\"Teie s\u00f5num\" name=\"textarea-770\"><\/textarea><\/span>\n        <\/div>\n\n        <div class=\"form-btn col-12\">\n            <button class=\"btn style2\">Saata <i class=\"fas fa-arrow-right ms-2\"><\/i><\/button>\n        <\/div>\n    <\/div>\n<\/div><div class=\"wpcf7-response-output\" aria-hidden=\"true\"><\/div>\n<input type=\"hidden\" name=\"trp-form-language\" value=\"et\"\/><\/form>\n<\/div>\n<\/div>\n\t\t\t\t\t\t<\/div>\n\t\t\t\t<\/div>\n\t\t\t\t<\/div>\n\t\t<div class=\"elementor-element elementor-element-e704dff e-con-full e-flex e-con e-child\" data-id=\"e704dff\" data-element_type=\"container\" data-e-type=\"container\">\n\t\t\t\t<div class=\"elementor-element elementor-element-08f26e9 faq-thumb2 elementor-widget elementor-widget-image\" data-id=\"08f26e9\" data-element_type=\"widget\" data-e-type=\"widget\" data-widget_type=\"image.default\">\n\t\t\t\t<div class=\"elementor-widget-container\">\n\t\t\t\t\t\t\t\t\t\t\t\t\t\t\t<img fetchpriority=\"high\" decoding=\"async\" width=\"516\" height=\"515\" src=\"https:\/\/carstudio.ee\/wp-content\/uploads\/2024\/03\/faq-thumb-2-1.png\" class=\"attachment-large size-large wp-image-1077\" alt=\"\" srcset=\"https:\/\/carstudio.ee\/wp-content\/uploads\/2024\/03\/faq-thumb-2-1.png 516w, https:\/\/carstudio.ee\/wp-content\/uploads\/2024\/03\/faq-thumb-2-1-300x300.png 300w, https:\/\/carstudio.ee\/wp-content\/uploads\/2024\/03\/faq-thumb-2-1-150x150.png 150w\" sizes=\"(max-width: 516px) 100vw, 516px\" \/>\t\t\t\t\t\t\t\t\t\t\t\t\t\t\t<\/div>\n\t\t\t\t<\/div>\n\t\t\t\t<div class=\"elementor-element elementor-element-47cd015 elementor-widget__width-auto elementor-absolute top_image_bounce elementor-widget elementor-widget-image\" data-id=\"47cd015\" data-element_type=\"widget\" data-e-type=\"widget\" data-settings=\"{&quot;_position&quot;:&quot;absolute&quot;}\" data-widget_type=\"image.default\">\n\t\t\t\t<div class=\"elementor-widget-container\">\n\t\t\t\t\t\t\t\t\t\t\t\t\t\t\t<img decoding=\"async\" src=\"https:\/\/carstudio.ee\/wp-content\/uploads\/2024\/08\/Carstudio-form-2-est.jpg\" title=\"Carstudio form 2\" alt=\"Carstudio form 2\" loading=\"lazy\" \/>\t\t\t\t\t\t\t\t\t\t\t\t\t\t\t<\/div>\n\t\t\t\t<\/div>\n\t\t\t\t<\/div>\n\t\t\t\t\t<\/div>\n\t\t\t\t<\/div>\n\t\t\t\t<\/div>","protected":false},"excerpt":{"rendered":"<p>\u0410\u0434\u0440\u0435\u0441 Narva Soldina 5 \u0422\u0435\u043b\u0435\u0444\u043e\u043d +372 503 6110 \u0420\u0443\u0441\u0441\u043a\u0438\u0439 \u0422\u0435\u043b\u0435\u0444\u043e\u043d +372 513 2312 \u0420\u0443\u0441\u0441\u043a\u0438\u0439 \u0422\u0435\u043b\u0435\u0444\u043e\u043d +372 5555 8860 \u042d\u0441\u0442\u043e\u043d\u0441\u043a\u0438\u0439<\/p>","protected":false},"author":1,"featured_media":0,"parent":0,"menu_order":0,"comment_status":"closed","ping_status":"closed","template":"","meta":{"footnotes":""},"class_list":["post-24","page","type-page","status-publish","hentry"],"yoast_head":"<!-- This site is optimized with the Yoast SEO plugin v27.6 - https:\/\/yoast.com\/product\/yoast-seo-wordpress\/ -->\n<title>\u041a\u043e\u043d\u0442\u0430\u043a\u0442\u044b - Carstudio<\/title>\n<meta name=\"description\" content=\"\u0423\u0441\u043b\u0443\u0433\u0438 \u043f\u043e \u0440\u0435\u043c\u043e\u043d\u0442\u0443 \u0430\u0432\u0442\u043e\u043c\u043e\u0431\u0438\u043b\u0435\u0439. \u041d\u0430\u0440\u0432\u0430, \u0421\u043e\u043b\u0434\u0438\u043d\u0430 5. info@carstudio.ee:\" \/>\n<meta name=\"robots\" content=\"index, follow, max-snippet:-1, max-image-preview:large, max-video-preview:-1\" \/>\n<link rel=\"canonical\" href=\"https:\/\/carstudio.ee\/et\/contact\/\" \/>\n<meta property=\"og:locale\" content=\"et_EE\" \/>\n<meta property=\"og:type\" content=\"article\" \/>\n<meta property=\"og:title\" content=\"\u041a\u043e\u043d\u0442\u0430\u043a\u0442\u044b - Carstudio\" \/>\n<meta property=\"og:description\" content=\"\u0423\u0441\u043b\u0443\u0433\u0438 \u043f\u043e \u0440\u0435\u043c\u043e\u043d\u0442\u0443 \u0430\u0432\u0442\u043e\u043c\u043e\u0431\u0438\u043b\u0435\u0439. \u041d\u0430\u0440\u0432\u0430, \u0421\u043e\u043b\u0434\u0438\u043d\u0430 5. info@carstudio.ee:\" \/>\n<meta property=\"og:url\" content=\"https:\/\/carstudio.ee\/et\/contact\/\" \/>\n<meta property=\"og:site_name\" content=\"Carstudio\" \/>\n<meta property=\"article:modified_time\" content=\"2024-08-09T08:56:20+00:00\" \/>\n<meta property=\"og:image\" content=\"https:\/\/carstudio.ee\/wp-content\/uploads\/2024\/03\/faq-thumb-2-1.png\" \/>\n<meta name=\"twitter:card\" content=\"summary_large_image\" \/>\n<meta name=\"twitter:label1\" content=\"Est. reading time\" \/>\n\t<meta name=\"twitter:data1\" content=\"1 minut\" \/>\n<script type=\"application\/ld+json\" class=\"yoast-schema-graph\">{\"@context\":\"https:\\\/\\\/schema.org\",\"@graph\":[{\"@type\":\"WebPage\",\"@id\":\"https:\\\/\\\/carstudio.ee\\\/contact\\\/\",\"url\":\"https:\\\/\\\/carstudio.ee\\\/contact\\\/\",\"name\":\"\u041a\u043e\u043d\u0442\u0430\u043a\u0442\u044b - Carstudio\",\"isPartOf\":{\"@id\":\"https:\\\/\\\/carstudio.ee\\\/#website\"},\"primaryImageOfPage\":{\"@id\":\"https:\\\/\\\/carstudio.ee\\\/contact\\\/#primaryimage\"},\"image\":{\"@id\":\"https:\\\/\\\/carstudio.ee\\\/contact\\\/#primaryimage\"},\"thumbnailUrl\":\"https:\\\/\\\/carstudio.ee\\\/wp-content\\\/uploads\\\/2024\\\/03\\\/faq-thumb-2-1.png\",\"datePublished\":\"2024-02-16T10:12:32+00:00\",\"dateModified\":\"2024-08-09T08:56:20+00:00\",\"description\":\"\u0423\u0441\u043b\u0443\u0433\u0438 \u043f\u043e \u0440\u0435\u043c\u043e\u043d\u0442\u0443 \u0430\u0432\u0442\u043e\u043c\u043e\u0431\u0438\u043b\u0435\u0439. \u041d\u0430\u0440\u0432\u0430, \u0421\u043e\u043b\u0434\u0438\u043d\u0430 5. info@carstudio.ee:\",\"breadcrumb\":{\"@id\":\"https:\\\/\\\/carstudio.ee\\\/contact\\\/#breadcrumb\"},\"inLanguage\":\"et\",\"potentialAction\":[{\"@type\":\"ReadAction\",\"target\":[\"https:\\\/\\\/carstudio.ee\\\/contact\\\/\"]}]},{\"@type\":\"ImageObject\",\"inLanguage\":\"et\",\"@id\":\"https:\\\/\\\/carstudio.ee\\\/contact\\\/#primaryimage\",\"url\":\"https:\\\/\\\/carstudio.ee\\\/wp-content\\\/uploads\\\/2024\\\/03\\\/faq-thumb-2-1.png\",\"contentUrl\":\"https:\\\/\\\/carstudio.ee\\\/wp-content\\\/uploads\\\/2024\\\/03\\\/faq-thumb-2-1.png\"},{\"@type\":\"BreadcrumbList\",\"@id\":\"https:\\\/\\\/carstudio.ee\\\/contact\\\/#breadcrumb\",\"itemListElement\":[{\"@type\":\"ListItem\",\"position\":1,\"name\":\"Home\",\"item\":\"https:\\\/\\\/carstudio.ee\\\/\"},{\"@type\":\"ListItem\",\"position\":2,\"name\":\"\u041a\u043e\u043d\u0442\u0430\u043a\u0442\u044b\"}]},{\"@type\":\"WebSite\",\"@id\":\"https:\\\/\\\/carstudio.ee\\\/#website\",\"url\":\"https:\\\/\\\/carstudio.ee\\\/\",\"name\":\"Carstudio\",\"description\":\"\u0410\u0432\u0442\u043e\u0440\u0435\u043c\u043e\u043d\u0442 \u0438 \u0440\u0430\u0431\u043e\u0442\u0430 \u0441\u043e \u0441\u0442\u0440\u0430\u0445\u043e\u0432\u044b\u043c\u0438\",\"publisher\":{\"@id\":\"https:\\\/\\\/carstudio.ee\\\/#organization\"},\"potentialAction\":[{\"@type\":\"SearchAction\",\"target\":{\"@type\":\"EntryPoint\",\"urlTemplate\":\"https:\\\/\\\/carstudio.ee\\\/?s={search_term_string}\"},\"query-input\":{\"@type\":\"PropertyValueSpecification\",\"valueRequired\":true,\"valueName\":\"search_term_string\"}}],\"inLanguage\":\"et\"},{\"@type\":\"Organization\",\"@id\":\"https:\\\/\\\/carstudio.ee\\\/#organization\",\"name\":\"Carstudio\",\"url\":\"https:\\\/\\\/carstudio.ee\\\/\",\"logo\":{\"@type\":\"ImageObject\",\"inLanguage\":\"et\",\"@id\":\"https:\\\/\\\/carstudio.ee\\\/#\\\/schema\\\/logo\\\/image\\\/\",\"url\":\"https:\\\/\\\/carstudio.ee\\\/wp-content\\\/uploads\\\/2024\\\/08\\\/cropped-Carstudio-fivecon-1.png\",\"contentUrl\":\"https:\\\/\\\/carstudio.ee\\\/wp-content\\\/uploads\\\/2024\\\/08\\\/cropped-Carstudio-fivecon-1.png\",\"width\":512,\"height\":512,\"caption\":\"Carstudio\"},\"image\":{\"@id\":\"https:\\\/\\\/carstudio.ee\\\/#\\\/schema\\\/logo\\\/image\\\/\"}}]}<\/script>\n<!-- \/ Yoast SEO plugin. -->","yoast_head_json":{"title":"Kontaktid - Carstudio","description":"Autoremonditeenused. Narva, Soldina 5 info@carstudio.ee","robots":{"index":"index","follow":"follow","max-snippet":"max-snippet:-1","max-image-preview":"max-image-preview:large","max-video-preview":"max-video-preview:-1"},"canonical":"https:\/\/carstudio.ee\/et\/contact\/","og_locale":"et_EE","og_type":"article","og_title":"\u041a\u043e\u043d\u0442\u0430\u043a\u0442\u044b - Carstudio","og_description":"\u0423\u0441\u043b\u0443\u0433\u0438 \u043f\u043e \u0440\u0435\u043c\u043e\u043d\u0442\u0443 \u0430\u0432\u0442\u043e\u043c\u043e\u0431\u0438\u043b\u0435\u0439. \u041d\u0430\u0440\u0432\u0430, \u0421\u043e\u043b\u0434\u0438\u043d\u0430 5. info@carstudio.ee:","og_url":"https:\/\/carstudio.ee\/et\/contact\/","og_site_name":"Carstudio","article_modified_time":"2024-08-09T08:56:20+00:00","og_image":[{"url":"https:\/\/carstudio.ee\/wp-content\/uploads\/2024\/03\/faq-thumb-2-1.png","type":"","width":"","height":""}],"twitter_card":"summary_large_image","twitter_misc":{"Est. reading time":"1 minut"},"schema":{"@context":"https:\/\/schema.org","@graph":[{"@type":"WebPage","@id":"https:\/\/carstudio.ee\/contact\/","url":"https:\/\/carstudio.ee\/contact\/","name":"Kontaktid - Carstudio","isPartOf":{"@id":"https:\/\/carstudio.ee\/#website"},"primaryImageOfPage":{"@id":"https:\/\/carstudio.ee\/contact\/#primaryimage"},"image":{"@id":"https:\/\/carstudio.ee\/contact\/#primaryimage"},"thumbnailUrl":"https:\/\/carstudio.ee\/wp-content\/uploads\/2024\/03\/faq-thumb-2-1.png","datePublished":"2024-02-16T10:12:32+00:00","dateModified":"2024-08-09T08:56:20+00:00","description":"Autoremonditeenused. Narva, Soldina 5 info@carstudio.ee","breadcrumb":{"@id":"https:\/\/carstudio.ee\/contact\/#breadcrumb"},"inLanguage":"et","potentialAction":[{"@type":"ReadAction","target":["https:\/\/carstudio.ee\/contact\/"]}]},{"@type":"ImageObject","inLanguage":"et","@id":"https:\/\/carstudio.ee\/contact\/#primaryimage","url":"https:\/\/carstudio.ee\/wp-content\/uploads\/2024\/03\/faq-thumb-2-1.png","contentUrl":"https:\/\/carstudio.ee\/wp-content\/uploads\/2024\/03\/faq-thumb-2-1.png"},{"@type":"BreadcrumbList","@id":"https:\/\/carstudio.ee\/contact\/#breadcrumb","itemListElement":[{"@type":"ListItem","position":1,"name":"Home","item":"https:\/\/carstudio.ee\/"},{"@type":"ListItem","position":2,"name":"\u041a\u043e\u043d\u0442\u0430\u043a\u0442\u044b"}]},{"@type":"WebSite","@id":"https:\/\/carstudio.ee\/#website","url":"https:\/\/carstudio.ee\/","name":"Carstudio","description":"\u0410\u0432\u0442\u043e\u0440\u0435\u043c\u043e\u043d\u0442 \u0438 \u0440\u0430\u0431\u043e\u0442\u0430 \u0441\u043e \u0441\u0442\u0440\u0430\u0445\u043e\u0432\u044b\u043c\u0438","publisher":{"@id":"https:\/\/carstudio.ee\/#organization"},"potentialAction":[{"@type":"SearchAction","target":{"@type":"EntryPoint","urlTemplate":"https:\/\/carstudio.ee\/?s={search_term_string}"},"query-input":{"@type":"PropertyValueSpecification","valueRequired":true,"valueName":"search_term_string"}}],"inLanguage":"et"},{"@type":"Organization","@id":"https:\/\/carstudio.ee\/#organization","name":"Carstudio","url":"https:\/\/carstudio.ee\/","logo":{"@type":"ImageObject","inLanguage":"et","@id":"https:\/\/carstudio.ee\/#\/schema\/logo\/image\/","url":"https:\/\/carstudio.ee\/wp-content\/uploads\/2024\/08\/cropped-Carstudio-fivecon-1.png","contentUrl":"https:\/\/carstudio.ee\/wp-content\/uploads\/2024\/08\/cropped-Carstudio-fivecon-1.png","width":512,"height":512,"caption":"Carstudio"},"image":{"@id":"https:\/\/carstudio.ee\/#\/schema\/logo\/image\/"}}]}},"_links":{"self":[{"href":"https:\/\/carstudio.ee\/et\/wp-json\/wp\/v2\/pages\/24","targetHints":{"allow":["GET"]}}],"collection":[{"href":"https:\/\/carstudio.ee\/et\/wp-json\/wp\/v2\/pages"}],"about":[{"href":"https:\/\/carstudio.ee\/et\/wp-json\/wp\/v2\/types\/page"}],"author":[{"embeddable":true,"href":"https:\/\/carstudio.ee\/et\/wp-json\/wp\/v2\/users\/1"}],"replies":[{"embeddable":true,"href":"https:\/\/carstudio.ee\/et\/wp-json\/wp\/v2\/comments?post=24"}],"version-history":[{"count":23,"href":"https:\/\/carstudio.ee\/et\/wp-json\/wp\/v2\/pages\/24\/revisions"}],"predecessor-version":[{"id":2464,"href":"https:\/\/carstudio.ee\/et\/wp-json\/wp\/v2\/pages\/24\/revisions\/2464"}],"wp:attachment":[{"href":"https:\/\/carstudio.ee\/et\/wp-json\/wp\/v2\/media?parent=24"}],"curies":[{"name":"wp","href":"https:\/\/api.w.org\/{rel}","templated":true}]}}